{"id":1690,"date":"2020-05-23T00:10:16","date_gmt":"2020-05-22T21:10:16","guid":{"rendered":"http:\/\/avruparicik.com\/?page_id=1690"},"modified":"2022-03-22T23:54:59","modified_gmt":"2022-03-22T20:54:59","slug":"iletisim","status":"publish","type":"page","link":"https:\/\/avruparicik.com\/?page_id=1690","title":{"rendered":"\u0130leti\u015fim"},"content":{"rendered":"[vc_row][vc_column][vc_column_text]De\u011ferli arkada\u015flar Sitemize\u00a0 ho\u015fgeldiniz.<br \/>\nBizimle ileti\u015fime ge\u00e7mek istiyorsaniz a\u015fa\u011fdaki<br \/>\nFormu doldurup bize g\u00f6nderiniz. Sizinle mutlaka ileti\u015fime<br \/>\nge\u00e7eriz. Selamlar<br \/>\nAvrupa Dersim Ri\u00e7ikliler Derne\u011fi Y\u00f6netim kurulu<\/p>\n\n<div class=\"wpcf7 no-js\" id=\"wpcf7-f6897-o1\" lang=\"tr-TR\" dir=\"ltr\">\n<div class=\"screen-reader-response\"><p role=\"status\" aria-live=\"polite\" aria-atomic=\"true\"><\/p> <ul><\/ul><\/div>\n<form action=\"\/index.php?rest_route=%2Fwp%2Fv2%2Fpages%2F1690#wpcf7-f6897-o1\" method=\"post\" class=\"wpcf7-form init\" aria-label=\"\u0130leti\u015fim Formu\" novalidate=\"novalidate\" data-status=\"init\">\n<div style=\"display: none;\">\n<input type=\"hidden\" name=\"_wpcf7\" value=\"6897\" \/>\n<input type=\"hidden\" name=\"_wpcf7_version\" value=\"5.9.8\" \/>\n<input type=\"hidden\" name=\"_wpcf7_locale\" value=\"tr_TR\" \/>\n<input type=\"hidden\" name=\"_wpcf7_unit_tag\" value=\"wpcf7-f6897-o1\" \/>\n<input type=\"hidden\" name=\"_wpcf7_container_post\" value=\"0\" \/>\n<input type=\"hidden\" name=\"_wpcf7_posted_data_hash\" value=\"\" \/>\n<\/div>\n<p><label> Ad\u0131n\u0131z<br \/>\n<span class=\"wpcf7-form-control-wrap\" data-name=\"your-name\"><input size=\"40\" maxlength=\"400\" class=\"wpcf7-form-control wpcf7-text wpcf7-validates-as-required\" aria-required=\"true\" aria-invalid=\"false\" value=\"\" type=\"text\" name=\"your-name\" \/><\/span> <\/label>\n<\/p>\n<p><label> E-posta adresiniz<br \/>\n<span class=\"wpcf7-form-control-wrap\" data-name=\"your-email\"><input size=\"40\" maxlength=\"400\" class=\"wpcf7-form-control wpcf7-email wpcf7-validates-as-required wpcf7-text wpcf7-validates-as-email\" aria-required=\"true\" aria-invalid=\"false\" value=\"\" type=\"email\" name=\"your-email\" \/><\/span> <\/label>\n<\/p>\n<p><label> Konu<br \/>\n<span class=\"wpcf7-form-control-wrap\" data-name=\"your-subject\"><input size=\"40\" maxlength=\"400\" class=\"wpcf7-form-control wpcf7-text wpcf7-validates-as-required\" aria-required=\"true\" aria-invalid=\"false\" value=\"\" type=\"text\" name=\"your-subject\" \/><\/span> <\/label>\n<\/p>\n<p><label> \u0130letiniz (tercihe ba\u011fl\u0131)<br \/>\n<span class=\"wpcf7-form-control-wrap\" data-name=\"your-message\"><textarea cols=\"40\" rows=\"10\" maxlength=\"2000\" class=\"wpcf7-form-control wpcf7-textarea\" aria-invalid=\"false\" name=\"your-message\"><\/textarea><\/span> <\/label>\n<\/p>\n<p><input class=\"wpcf7-form-control wpcf7-submit has-spinner\" type=\"submit\" value=\"G\u00f6nder\" \/>\n<\/p><p style=\"display: none !important;\" class=\"akismet-fields-container\" data-prefix=\"_wpcf7_ak_\"><label>&#916;<textarea name=\"_wpcf7_ak_hp_textarea\" cols=\"45\" rows=\"8\" maxlength=\"100\"><\/textarea><\/label><input type=\"hidden\" id=\"ak_js_1\" name=\"_wpcf7_ak_js\" value=\"48\"\/><script>document.getElementById( \"ak_js_1\" ).setAttribute( \"value\", ( new Date() ).getTime() );<\/script><\/p><div class=\"wpcf7-response-output\" aria-hidden=\"true\"><\/div>\n<\/form>\n<\/div>\n[\/vc_column_text][vc_column_text]<strong>Adresimiz:<\/strong><\/p>\n<p>Dersim Ricik in Europa e.v<br \/>\nKalkarer Stra\u00dfe 15<br \/>\n50733 K\u00f6ln Deutschland<\/p>\n<p><strong>\u0130leti\u015fim:<\/strong><\/p>\n<p>Telefon: +31 643253289<br \/>\nTelefon: +49 15754062047<br \/>\nE-mail: info@avruparicik.com<br \/>\n\u0130nternet adresimiz: www.avruparicik.com<\/p>\n<p><strong>Banka Hesab\u0131m\u0131z:<\/strong><\/p>\n<p>Dersim Ricik in Europa e.v<br \/>\nSpaskasse K\u00f6ln Bonn<br \/>\nBIC: COLSDE33XXX<br \/>\nIBAN: DE95 3705 0198 1935 2930 41[\/vc_column_text][\/vc_column][\/vc_row]\n","protected":false},"excerpt":{"rendered":"<p>[vc_row][vc_column][vc_column_text]De\u011ferli arkada\u015flar Sitemize\u00a0 ho\u015fgeldiniz. Bizimle ileti\u015fime ge\u00e7mek istiyorsaniz a\u015fa\u011fdaki Formu doldurup bize g\u00f6nderiniz. Sizinle mutlaka ileti\u015fime ge\u00e7eriz. Selamlar Avrupa Dersim Ri\u00e7ikliler Derne\u011fi Y\u00f6netim kurulu [\/vc_column_text][vc_column_text]Adresimiz: Dersim Ricik in Europa e.v Kalkarer Stra\u00dfe 15 50733 K\u00f6ln Deutschland \u0130leti\u015fim: Telefon: +31 643253289 Telefon: +49 15754062047 E-mail: info@avruparicik.com \u0130nternet adresimiz: www.avruparicik.com Banka Hesab\u0131m\u0131z: Dersim Ricik in Europa e.v &hellip;<\/p>\n","protected":false},"author":1,"featured_media":0,"parent":0,"menu_order":0,"comment_status":"closed","ping_status":"closed","template":"","meta":{"footnotes":""},"class_list":["post-1690","page","type-page","status-publish","hentry"],"_links":{"self":[{"href":"https:\/\/avruparicik.com\/index.php?rest_route=\/wp\/v2\/pages\/1690","targetHints":{"allow":["GET"]}}],"collection":[{"href":"https:\/\/avruparicik.com\/index.php?rest_route=\/wp\/v2\/pages"}],"about":[{"href":"https:\/\/avruparicik.com\/index.php?rest_route=\/wp\/v2\/types\/page"}],"author":[{"embeddable":true,"href":"https:\/\/avruparicik.com\/index.php?rest_route=\/wp\/v2\/users\/1"}],"replies":[{"embeddable":true,"href":"https:\/\/avruparicik.com\/index.php?rest_route=%2Fwp%2Fv2%2Fcomments&post=1690"}],"version-history":[{"count":11,"href":"https:\/\/avruparicik.com\/index.php?rest_route=\/wp\/v2\/pages\/1690\/revisions"}],"predecessor-version":[{"id":7311,"href":"https:\/\/avruparicik.com\/index.php?rest_route=\/wp\/v2\/pages\/1690\/revisions\/7311"}],"wp:attachment":[{"href":"https:\/\/avruparicik.com\/index.php?rest_route=%2Fwp%2Fv2%2Fmedia&parent=1690"}],"curies":[{"name":"wp","href":"https:\/\/api.w.org\/{rel}","templated":true}]}}