{"id":7317,"date":"2022-03-24T00:04:41","date_gmt":"2022-03-23T21:04:41","guid":{"rendered":"https:\/\/avruparicik.com\/?page_id=7317"},"modified":"2022-04-18T23:41:19","modified_gmt":"2022-04-18T20:41:19","slug":"yillik-faaliyetlerimiz","status":"publish","type":"page","link":"https:\/\/avruparicik.com\/?page_id=7317","title":{"rendered":"YILLIK FAAL\u0130YETLER\u0130M\u0130Z"},"content":{"rendered":"<p>De\u011ferli \u00dcyelerimiz, Avrupa\u2019daki Ri\u00e7ikli Hem\u015fehrilerimiz;<br \/>\n21\/06\/2021 tarihinde \u0130stanbul Ri\u00e7ikliler Derne\u011fi, k\u00f6y muhtar\u0131, Avrupa Dersim Ri\u00e7ikliler<br \/>\nDerne\u011fi ve k\u00f6yl\u00fclerimizin yo\u011fun kat\u0131l\u0131m\u0131yla k\u00f6y kona\u011f\u0131nda bir toplant\u0131 ger\u00e7ekle\u015fti. Bu toplant\u0131da<br \/>\nhem yap\u0131lan tesisin teslimi ger\u00e7ekle\u015fti hem de toplant\u0131da k\u00f6y\u00fcn bir tak\u0131m sorunlar\u0131 k\u00f6y halk\u0131 ile<br \/>\nbirlikte tart\u0131\u015f\u0131ld\u0131. K\u00f6y\u00fcm\u00fcz\u00fcn her iki derne\u011fi ve k\u00f6y muhtarl\u0131\u011f\u0131n\u0131n ortakla\u015fa katk\u0131lar\u0131 ile<br \/>\nger\u00e7ekle\u015ftirilen morg ve cenaze y\u0131kama binas\u0131 kat\u0131lan herkes\u00e7e olumlu olarak kar\u015f\u0131land\u0131. Kat\u0131l\u0131mc\u0131lar<br \/>\nkatk\u0131lar\u0131n\u0131zdan dolay\u0131 derne\u011fimize te\u015fekk\u00fcrlerini bildirdiler. Daha \u00f6nceki yaz\u0131lar\u0131m\u0131zda da<br \/>\nbelirtti\u011fimiz gibi k\u00f6y\u00fcm\u00fczde \u00e7\u00f6z\u00fclmesi gereken bir tak\u0131m sorunlar bulunmaktad\u0131r. \u00d6ncelikli olarak<br \/>\ntespit edilen sorunlar i\u00e7inde K\u00f6y Mezarl\u0131k Yerinin tespiti ve su ba\u011flant\u0131s\u0131n\u0131n yap\u0131lmas\u0131 i\u015fi vard\u0131 ve<br \/>\ndaha \u00f6nce tamamlanm\u0131\u015ft\u0131.<br \/>\n\u015eu an itibar\u0131yla tasarlan\u0131lan\u00a0<strong>Morg ve Cenaze Y\u0131kama Yeri<\/strong>\u00a0de tamamlanm\u0131\u015f oldu. K\u00f6y\u00fcn en<br \/>\n\u00f6nemli sorunu olan su sorunu projelendirme ve mali hesaplar\u0131n halen \u00e7\u0131kar\u0131lmamas\u0131 nedeniyle somut bir giri\u015fimde bulunma olana\u011f\u0131m\u0131z olamad\u0131. K\u00f6y muhtar\u0131 Bayram G\u00dcZEL\u2019in ifadelerine g\u00f6re bu<br \/>\nsorunun ele al\u0131n\u0131p yap\u0131lmas\u0131 i\u00e7in gerekli resmi makamlarla defalarca yap\u0131lan g\u00f6r\u00fc\u015fmelerde hala bir<br \/>\nsonuca var\u0131lamam\u0131\u015ft\u0131r.<br \/>\nResmi makamlarca \u00e7\u00f6z\u00fcm konusu s\u00fcrekli ertelenmekte, \u015fimdilik \u00f6denek olmad\u0131\u011f\u0131 vb.<br \/>\nifadelerle s\u00fcre uzat\u0131lmaktad\u0131r. K\u00f6y muhtarl\u0131\u011f\u0131n\u0131n bu konudaki \u00e7abalar\u0131 devam etmektedir.<br \/>\nProjelendirme ve k\u00f6yden talep edilen katk\u0131 pay\u0131 kesinle\u015fince bu konuda tavr\u0131m\u0131z\u0131 ve katk\u0131lar\u0131m\u0131z\u0131n<br \/>\nd\u00fczeyini \u00fcyelerimizle daha ileriki d\u00f6nemde payla\u015faca\u011f\u0131z.<br \/>\n\u00d6ng\u00f6r\u00fclen faaliyetlerden biri de mezra, mahalle ve arazi ula\u015f\u0131m yollar\u0131yd\u0131.<br \/>\n<strong>Beyazp\u0131nar(Qaniya S\u0131pi) ula\u015f\u0131m yolu da tamamlanm\u0131\u015f durumdad\u0131r.<\/strong>\u00a0Dernek Ba\u015fkan\u0131m\u0131z Zeynel<br \/>\nSELAM\u0130, Muhtar Bayram G\u00dcZEL ve \u0130stanbul Dernek Ba\u015fkan\u0131 Dilek BAKI\u015e bizzat arabayla Beyaz<br \/>\nP\u0131nar\u2019a giderek yap\u0131lan i\u015fin sonu\u00e7lar\u0131n\u0131 yerinde tespit ettiler.<br \/>\n<strong>OKUL B\u0130NASININ YIKIM SORUNU:<\/strong>\u00a0Sosyal medyaya d\u00fc\u015fen bir haberle k\u00f6y okulunun<br \/>\ny\u0131k\u0131lmaya ba\u015fland\u0131\u011f\u0131 g\u00f6sterilmektedir. Yapt\u0131\u011f\u0131m\u0131z toplant\u0131da bu konu ile ilgilili de konu\u015fuldu. Olay\u0131n<br \/>\nasl\u0131 \u015f\u00f6yledir: Derne\u011fimizin daha \u00f6nceki y\u00f6netim kurulu toplant\u0131lar\u0131nda da konu\u015fuldu\u011fu gibi okul<br \/>\n\u00e7at\u0131s\u0131n\u0131n bozuldu\u011fu ve \u00f6nemli oranda tamire ihtiya\u00e7 oldu\u011fu \u015feklinde idi. Katk\u0131lar\u0131m\u0131zla bu binay\u0131<br \/>\nmuhafaza edebilir miyiz diye aram\u0131zda konu\u015fmu\u015ftuk. Ne var ki gerek okul binas\u0131n\u0131n devlet mal\u0131<br \/>\nolmas\u0131 ve tamir maliyetinin g\u00fcc\u00fcm\u00fcz\u00fc a\u015fabilece\u011fi nedeniyle, bu konuda k\u00f6y muhtar\u0131ndan bir<br \/>\nara\u015ft\u0131rma yapmas\u0131n\u0131 ve bir \u00e7\u00f6z\u00fcm teklifini talep etmi\u015ftik. Ama\u00e7 bu binan\u0131n bir sosyal tesisi olarak<br \/>\nmuhafaza edilip edilemeyece\u011fi \u015feklindeydi. Ancak gelinen a\u015famada okul binas\u0131 valili\u011fin emri ile<br \/>\n\u201cdeprem tedbirleri\u201d kapsam\u0131nda y\u0131k\u0131m kapsam\u0131na al\u0131nm\u0131\u015ft\u0131r. Bir tak\u0131m engelleme \u00e7abas\u0131 \u015fimdilik<br \/>\nsomut bir sonuca varmam\u0131\u015ft\u0131r. K\u0131sacas\u0131 okulun ak\u0131betine karar verecek olan devlet yani bizzat<br \/>\nValiliktir. Muhtar\u0131n y\u0131k\u0131m\u0131 engelleme \u00e7abalar\u0131 \u015fimdilik sonu\u00e7 getirmemi\u015ftir. Okul binas\u0131n\u0131n \u015fu an<br \/>\nsadece \u00e7at\u0131s\u0131 y\u0131k\u0131ld\u0131 ve di\u011fer geli\u015fmeleri takip ediyoruz.<br \/>\nK\u00f6yde yapt\u0131\u011f\u0131m\u0131z toplant\u0131da derne\u011fimizin kurulu\u015f ama\u00e7lar\u0131n\u0131 y\u00fcr\u00fctt\u00fc\u011f\u00fc faaliyetler ile ilgili<br \/>\nbir tan\u0131t\u0131m olana\u011f\u0131n\u0131 da bulmu\u015f olduk Ayr\u0131ca \u0130stanbul derne\u011fimizin y\u00f6neticileri ile gelece\u011fe y\u00f6nelik<br \/>\ndiyalog ve faaliyetler ile g\u00f6r\u00fc\u015f al\u0131\u015fveri\u015finde bulunduk. Her iki derne\u011fin her alanda dayan\u0131\u015fma i\u00e7inde<br \/>\noldu\u011funu memnuniyetle ifade edebiliriz.<\/p>\n<p>Avrupa Dersim Ri\u00e7ikliler Derne\u011fi Y\u00f6netim Kurulu<\/p>\n<p>01\/07\/2021<\/p>\n<p>*****************************************<\/p>\n<h2 class=\"post-title\"><a href=\"https:\/\/avruparicik.com\/?p=4069\">K\u00f6yl\u00fclerimizin mezarl\u0131klar\u0131n\u0131n oldu\u011fu \u201dGaze\u201dB\u00f6lgesi<\/a><\/h2>\n<div class=\"rq0escxv l9j0dhe7 du4w35lb j83agx80 i1fnvgqd bp9cbjyn owycx6da btwxx1t3 discj3wi b5q2rw42 lq239pai mysgfdmx hddg9phg\">\n<div class=\"rq0escxv l9j0dhe7 du4w35lb d2edcug0 rj1gh0hx buofh1pr g5gj957u hpfvmrgz p8fzw8mz pcp91wgn iuny7tx3 ipjc6fyt\">\n<div class=\"j83agx80 cbu4d94t ew0dbk1b irj2b8pg\">\n<div class=\"qzhwtbm6 knvmm38d\">\n<div class=\"bp9cbjyn j83agx80\">\n<p><a class=\"oajrlxb2 g5ia77u1 qu0x051f esr5mh6w e9989ue4 r7d6kgcz rq0escxv nhd2j8a9 nc684nl6 p7hjln8o kvgmc6g5 cxmmr5t8 oygrvhab hcukyx3x jb3vyjys rz4wbd8a qt6c0cv9 a8nywdso i1ao9s8h esuyzwwr f1sip0of lzcic4wl gmql0nx0 gpro0wi8 lrazzd5p hpfvmrgz\" tabindex=\"0\" role=\"link\" href=\"https:\/\/www.facebook.com\/watch\/ricikgecitverenkoyu\/?__cft__[0]=AZW4Z5Zd_njob8MKjSXWNn-90jZEJbXPpkd67SpF1DgcO3mK7r64anhEBkC31FGFLlhXg0879Jc6AjXgHq844qI477wo3zWvZdS_y-04MK4SQt7GQPGPMduxE2fj4p3jGxSx2udrZkoIMHn7iuzt5WWh_sgpY2C-PnXGuBCtnpDwdQ\"><span class=\"oi732d6d ik7dh3pa d2edcug0 qv66sw1b c1et5uql jq4qci2q a3bd9o3v lrazzd5p oo9gr5id a8c37x1j ni8dbmo4 stjgntxs ltmttdrg g0qnabr5\">Ri\u00e7ik K\u00f6y\u00fc<\/span><\/a><\/p>\n<\/div>\n<\/div>\n<div class=\"qzhwtbm6 knvmm38d\"><span class=\"oi732d6d ik7dh3pa d2edcug0 qv66sw1b c1et5uql a8c37x1j hop8lmos enqfppq2 e9vueds3 j5wam9gi knj5qynh m9osqain hzawbc8m\" dir=\"auto\"><a class=\"oajrlxb2 g5ia77u1 qu0x051f esr5mh6w e9989ue4 r7d6kgcz rq0escxv nhd2j8a9 nc684nl6 p7hjln8o kvgmc6g5 cxmmr5t8 oygrvhab hcukyx3x jb3vyjys rz4wbd8a qt6c0cv9 a8nywdso i1ao9s8h esuyzwwr f1sip0of lzcic4wl gmql0nx0 gpro0wi8 b1v8xokw\" tabindex=\"0\" role=\"link\" href=\"https:\/\/www.facebook.com\/446676882201817\/videos\/1394723584071225\/?__cft__[0]=AZW4Z5Zd_njob8MKjSXWNn-90jZEJbXPpkd67SpF1DgcO3mK7r64anhEBkC31FGFLlhXg0879Jc6AjXgHq844qI477wo3zWvZdS_y-04MK4SQt7GQPGPMduxE2fj4p3jGxSx2udrZkoIMHn7iuzt5WWh_sgpY2C-PnXGuBCtnpDwdQ\">16 Temmuz, 18:24<\/a><span class=\"jpp8pzdo\"><span class=\"pmk7jnqg g0aa4cga q45zohi1\">\u00a0<\/span><span aria-hidden=\"true\">\u00a0\u00b7\u00a0<\/span><\/span><i class=\"hu5pjgll m6k467ps sp_naj4nNpzotD sx_b85b35\" aria-label=\"Herkese A\u00e7\u0131k ile payla\u015f\u0131l\u0131yor\"><\/i><\/span><\/div>\n<\/div>\n<\/div>\n<div class=\"rq0escxv l9j0dhe7 du4w35lb d2edcug0 nqmvxvec p8fzw8mz pcp91wgn iuny7tx3 ipjc6fyt\">\n<div class=\"oajrlxb2 g5ia77u1 qu0x051f esr5mh6w e9989ue4 r7d6kgcz rq0escxv nhd2j8a9 nc684nl6 p7hjln8o kvgmc6g5 cxmmr5t8 oygrvhab hcukyx3x jb3vyjys rz4wbd8a qt6c0cv9 a8nywdso i1ao9s8h esuyzwwr f1sip0of lzcic4wl l9j0dhe7 abiwlrkh p8dawk7l\" tabindex=\"0\" role=\"button\" aria-label=\"Daha Fazla\"><\/div>\n<\/div>\n<\/div>\n<div class=\"n1l5q3vz\">\n<div class=\"l9j0dhe7 stjgntxs ni8dbmo4\">K\u00f6yl\u00fclerimizin mezarl\u0131klar\u0131n\u0131n oldu\u011fu &#8221;Gaze&#8221; b\u00f6lgesine K\u00f6y Muhtar\u0131m\u0131z azalar\u0131m\u0131z ve k\u00f6yl\u00fclerimizin \u00f6zel \u00e7abalar\u0131yla su getirilirmi\u015ftir. Eme\u011fi ge\u00e7en herkese te\u015fekk\u00fcrler. Ri\u00e7ik Ge\u00e7itveren K\u00f6y\u00fc Sayfa<\/div>\n<div><\/div>\n<div>****************************************<\/div>\n<div>.<\/div>\n<div>\n<h1 class=\"post-title entry-title\">Ri\u00e7ik-Beyaz P\u0131nar\u2019da (Qaniya Sipi) yapt\u0131\u011f\u0131m\u0131z \u00e7al\u0131\u015fmalar<\/h1>\n<\/div>\n<\/div>\n<div>\n<div class=\"featured-area\">\n<div class=\"featured-area-inner\">\n<figure class=\"single-featured-image\"><img loading=\"lazy\" decoding=\"async\" class=\"attachment-jannah-image-post size-jannah-image-post wp-post-image\" src=\"https:\/\/avruparicik.com\/wp-content\/uploads\/2020\/05\/74dda864-e7a5-4533-a550-cb436a7fd7c8-780x470.jpg\" alt=\"\" width=\"780\" height=\"470\" \/><\/figure>\n<\/div>\n<\/div>\n<div class=\"entry-content entry clearfix\">\n<p>Avrupa Dersim Ri\u00e7ikliler Derne\u011fi\u2019nin kurulu\u015f ama\u00e7lar\u0131ndan biri de k\u00f6y yollar\u0131m\u0131z\u0131n yap\u0131lmas\u0131 i\u00e7in maddi destek sunmakt\u0131r. Ri\u00e7ik\u2019in bir mezras\u0131 olan Beyaz P\u0131nar (Qaniya Sipi) ile Ri\u00e7ik aras\u0131nda halen arabayla ula\u015fabilme olana\u011f\u0131 yok. Esas\u0131nda bu ihtiyac\u0131 kar\u015f\u0131lamak i\u00e7in bug\u00fcne kadar herhangi bir giri\u015fimde bulunan da olmam\u0131\u015ft\u0131r. \u0130\u015fte bu ihtiyac\u0131 k\u0131smen de olsa gidermek i\u00e7in derne\u011fimizin Y\u00f6netim Kurulu \u00dcyeli\u011finde, Ba\u015fkan\u0131m\u0131z olan Zeynel Selami 2017\u2019de kendi insiyatifi ile finansmanl\u0131\u011f\u0131n\u0131 sa\u011flayarak, en yak\u0131n yerde bulunan Kepur\u2019dan Beyaz P\u0131nar\u2019a bir yol yap\u0131m\u0131n\u0131 ba\u015far\u0131yla tamamlad\u0131. Ayn\u0131 faaliyetin bir par\u00e7as\u0131 olarak Beyaz P\u0131nar k\u00f6y mezarl\u0131\u011f\u0131n\u0131n imar i\u015fini de yine Zeynel Selami arkada\u015f\u0131m\u0131z lay\u0131k\u0131yla yerine getirdi. Bu konuda kendisini tebrik ederiz.<br \/>\n\u00d6n\u00fcm\u00fczdeki d\u00f6nemde Beyaz P\u0131nar ile Ri\u00e7ik aras\u0131nda araba ile ula\u015f\u0131m\u0131 sa\u011flayabilmek i\u00e7in K\u00f6y Muhtarl\u0131\u011f\u0131 ve \u0130stanbul Ri\u00e7ikliler Derne\u011fi\u2019nin de katk\u0131lar\u0131n\u0131 sa\u011flamas\u0131yla birlikte bu problemin \u00e7\u00f6z\u00fcm\u00fc i\u00e7in \u00fczerimize d\u00fc\u015fen g\u00f6revi severek yerine getirece\u011fiz.<\/p>\n<p><img loading=\"lazy\" decoding=\"async\" class=\"alignnone wp-image-6154\" src=\"https:\/\/avruparicik.com\/wp-content\/uploads\/2020\/05\/056d6e55-2a57-48ba-812a-d069ea12bf34-1-300x225.jpg\" sizes=\"auto, (max-width: 352px) 100vw, 352px\" srcset=\"https:\/\/avruparicik.com\/wp-content\/uploads\/2020\/05\/056d6e55-2a57-48ba-812a-d069ea12bf34-1-300x225.jpg 300w, https:\/\/avruparicik.com\/wp-content\/uploads\/2020\/05\/056d6e55-2a57-48ba-812a-d069ea12bf34-1-768x576.jpg 768w, https:\/\/avruparicik.com\/wp-content\/uploads\/2020\/05\/056d6e55-2a57-48ba-812a-d069ea12bf34-1.jpg 1024w\" alt=\"\" width=\"352\" height=\"264\" \/>\u00a0<img loading=\"lazy\" decoding=\"async\" class=\"alignnone wp-image-6152\" src=\"https:\/\/avruparicik.com\/wp-content\/uploads\/2020\/05\/74dda864-e7a5-4533-a550-cb436a7fd7c8-300x225.jpg\" sizes=\"auto, (max-width: 359px) 100vw, 359px\" srcset=\"https:\/\/avruparicik.com\/wp-content\/uploads\/2020\/05\/74dda864-e7a5-4533-a550-cb436a7fd7c8-300x225.jpg 300w, https:\/\/avruparicik.com\/wp-content\/uploads\/2020\/05\/74dda864-e7a5-4533-a550-cb436a7fd7c8-768x576.jpg 768w, https:\/\/avruparicik.com\/wp-content\/uploads\/2020\/05\/74dda864-e7a5-4533-a550-cb436a7fd7c8.jpg 1024w\" alt=\"\" width=\"359\" height=\"269\" \/><\/p>\n<p><img loading=\"lazy\" decoding=\"async\" class=\"alignnone wp-image-6152\" src=\"https:\/\/avruparicik.com\/wp-content\/uploads\/2020\/05\/74dda864-e7a5-4533-a550-cb436a7fd7c8-300x225.jpg\" sizes=\"auto, (max-width: 376px) 100vw, 376px\" srcset=\"https:\/\/avruparicik.com\/wp-content\/uploads\/2020\/05\/74dda864-e7a5-4533-a550-cb436a7fd7c8-300x225.jpg 300w, https:\/\/avruparicik.com\/wp-content\/uploads\/2020\/05\/74dda864-e7a5-4533-a550-cb436a7fd7c8-768x576.jpg 768w, https:\/\/avruparicik.com\/wp-content\/uploads\/2020\/05\/74dda864-e7a5-4533-a550-cb436a7fd7c8.jpg 1024w\" alt=\"\" width=\"376\" height=\"282\" \/><img loading=\"lazy\" decoding=\"async\" class=\"alignnone wp-image-6155\" src=\"https:\/\/avruparicik.com\/wp-content\/uploads\/2020\/05\/48e453f3-428b-4bf8-b37a-d727775c952b-300x225.jpg\" sizes=\"auto, (max-width: 369px) 100vw, 369px\" srcset=\"https:\/\/avruparicik.com\/wp-content\/uploads\/2020\/05\/48e453f3-428b-4bf8-b37a-d727775c952b-300x225.jpg 300w, https:\/\/avruparicik.com\/wp-content\/uploads\/2020\/05\/48e453f3-428b-4bf8-b37a-d727775c952b-768x576.jpg 768w, https:\/\/avruparicik.com\/wp-content\/uploads\/2020\/05\/48e453f3-428b-4bf8-b37a-d727775c952b.jpg 1024w\" alt=\"\" width=\"369\" height=\"277\" \/><\/p>\n<\/div>\n<\/div>\n","protected":false},"excerpt":{"rendered":"<p>De\u011ferli \u00dcyelerimiz, Avrupa\u2019daki Ri\u00e7ikli Hem\u015fehrilerimiz; 21\/06\/2021 tarihinde \u0130stanbul Ri\u00e7ikliler Derne\u011fi, k\u00f6y muhtar\u0131, Avrupa Dersim Ri\u00e7ikliler Derne\u011fi ve k\u00f6yl\u00fclerimizin yo\u011fun kat\u0131l\u0131m\u0131yla k\u00f6y kona\u011f\u0131nda bir toplant\u0131 ger\u00e7ekle\u015fti. Bu toplant\u0131da hem yap\u0131lan tesisin teslimi ger\u00e7ekle\u015fti hem de toplant\u0131da k\u00f6y\u00fcn bir tak\u0131m sorunlar\u0131 k\u00f6y halk\u0131 ile birlikte tart\u0131\u015f\u0131ld\u0131. K\u00f6y\u00fcm\u00fcz\u00fcn her iki derne\u011fi ve k\u00f6y muhtarl\u0131\u011f\u0131n\u0131n ortakla\u015fa katk\u0131lar\u0131 ile ger\u00e7ekle\u015ftirilen &hellip;<\/p>\n","protected":false},"author":1,"featured_media":6231,"parent":0,"menu_order":0,"comment_status":"closed","ping_status":"closed","template":"","meta":{"footnotes":""},"class_list":["post-7317","page","type-page","status-publish","has-post-thumbnail","hentry"],"_links":{"self":[{"href":"https:\/\/avruparicik.com\/index.php?rest_route=\/wp\/v2\/pages\/7317","targetHints":{"allow":["GET"]}}],"collection":[{"href":"https:\/\/avruparicik.com\/index.php?rest_route=\/wp\/v2\/pages"}],"about":[{"href":"https:\/\/avruparicik.com\/index.php?rest_route=\/wp\/v2\/types\/page"}],"author":[{"embeddable":true,"href":"https:\/\/avruparicik.com\/index.php?rest_route=\/wp\/v2\/users\/1"}],"replies":[{"embeddable":true,"href":"https:\/\/avruparicik.com\/index.php?rest_route=%2Fwp%2Fv2%2Fcomments&post=7317"}],"version-history":[{"count":6,"href":"https:\/\/avruparicik.com\/index.php?rest_route=\/wp\/v2\/pages\/7317\/revisions"}],"predecessor-version":[{"id":7471,"href":"https:\/\/avruparicik.com\/index.php?rest_route=\/wp\/v2\/pages\/7317\/revisions\/7471"}],"wp:featuredmedia":[{"embeddable":true,"href":"https:\/\/avruparicik.com\/index.php?rest_route=\/wp\/v2\/media\/6231"}],"wp:attachment":[{"href":"https:\/\/avruparicik.com\/index.php?rest_route=%2Fwp%2Fv2%2Fmedia&parent=7317"}],"curies":[{"name":"wp","href":"https:\/\/api.w.org\/{rel}","templated":true}]}}